{"id":624,"date":"2021-03-09T15:54:05","date_gmt":"2021-03-09T14:54:05","guid":{"rendered":"https:\/\/democraticsociety.unimi.it\/homepage\/"},"modified":"2026-01-12T15:52:17","modified_gmt":"2026-01-12T14:52:17","slug":"homepage","status":"publish","type":"page","link":"https:\/\/democraticsociety.unimi.it\/fr\/","title":{"rendered":"FRA &#8211; Network Internazionale di ricerca: La societ\u00e0 democratica \u2013 natura, soggetto, istituzione"},"content":{"rendered":"\n<div class=\"wp-block-cover alignfull is-light hero--2col\" style=\"min-height:388px;aspect-ratio:unset;\"><span aria-hidden=\"true\" class=\"wp-block-cover__background has-background-dim-0 has-background-dim\" style=\"background-color:#FFF\"><\/span><img loading=\"lazy\" decoding=\"async\" width=\"600\" height=\"450\" class=\"wp-block-cover__image-background wp-image-629\" alt=\"\" src=\"https:\/\/democraticsociety.unimi.it\/wp-content\/uploads\/sites\/180\/2025\/12\/cortile_Unimi-e1765812390776.jpg\" data-object-fit=\"cover\"\/><div class=\"wp-block-cover__inner-container is-layout-flow wp-block-cover-is-layout-flow\">\n<p>Ce projet de recherche vise \u00e0 explorer le d\u00e9bat philosophique et politique contemporain autour du sens de la soci\u00e9t\u00e9 d\u00e9mocratique et des d\u00e9fis auxquels elle est confront\u00e9e. La question \u00e9cologique, l&rsquo;intelligence artificielle, les nouvelles fractures politiques et sociales, ainsi que la red\u00e9finition des conflits et des identit\u00e9s conduisent \u00e0 une reconfiguration des r\u00e9gimes d\u00e9mocratiques et de leur signification, r\u00e9v\u00e9lant des aspects jusqu&rsquo;alors insoup\u00e7onn\u00e9s. L&rsquo;objectif est d&rsquo;\u00e9laborer une nouvelle conception de la soci\u00e9t\u00e9 d\u00e9mocratique, d\u00e9passant \u00e0 la fois la th\u00e9orie lib\u00e9rale et les critiques d\u00e9constructionnistes et postmodernistes, et rendant compte des d\u00e9fis auxquels elle est confront\u00e9e.<\/p>\n\n\n\n<div class=\"wp-block-buttons is-layout-flex wp-block-buttons-is-layout-flex\">\n<div class=\"wp-block-button\"><a class=\"wp-block-button__link wp-element-button\" href=\"https:\/\/democraticsociety.unimi.it\/il-progetto\/\">D\u00e9couvrez le projet<\/a><\/div>\n<\/div>\n<\/div><\/div>\n","protected":false},"excerpt":{"rendered":"","protected":false},"author":1,"featured_media":0,"parent":0,"menu_order":900,"comment_status":"closed","ping_status":"closed","template":"","meta":{"_acf_changed":false,"footnotes":""},"class_list":["post-624","page","type-page","status-publish","hentry"],"acf":[],"_links":{"self":[{"href":"https:\/\/democraticsociety.unimi.it\/fr\/wp-json\/wp\/v2\/pages\/624"}],"collection":[{"href":"https:\/\/democraticsociety.unimi.it\/fr\/wp-json\/wp\/v2\/pages"}],"about":[{"href":"https:\/\/democraticsociety.unimi.it\/fr\/wp-json\/wp\/v2\/types\/page"}],"author":[{"embeddable":true,"href":"https:\/\/democraticsociety.unimi.it\/fr\/wp-json\/wp\/v2\/users\/1"}],"replies":[{"embeddable":true,"href":"https:\/\/democraticsociety.unimi.it\/fr\/wp-json\/wp\/v2\/comments?post=624"}],"version-history":[{"count":5,"href":"https:\/\/democraticsociety.unimi.it\/fr\/wp-json\/wp\/v2\/pages\/624\/revisions"}],"predecessor-version":[{"id":773,"href":"https:\/\/democraticsociety.unimi.it\/fr\/wp-json\/wp\/v2\/pages\/624\/revisions\/773"}],"wp:attachment":[{"href":"https:\/\/democraticsociety.unimi.it\/fr\/wp-json\/wp\/v2\/media?parent=624"}],"curies":[{"name":"wp","href":"https:\/\/api.w.org\/{rel}","templated":true}]}}